{"id":157,"date":"2019-04-26T13:49:05","date_gmt":"2019-04-26T11:49:05","guid":{"rendered":"http:\/\/www.psychotherapie-schawe.de\/?page_id=157"},"modified":"2019-04-26T13:52:54","modified_gmt":"2019-04-26T11:52:54","slug":"datenschutzerklaerung-cookies","status":"publish","type":"page","link":"http:\/\/www.psychotherapie-schawe.de\/en\/datenschutzerklaerung-cookies\/","title":{"rendered":"Datenschutzerkl\u00e4rung \/ Cookies"},"content":{"rendered":"\n<p>Diese Website benutzt Google Analytics, einen Webanalysedienst der Google Inc. (\u201eGoogle\u201c). Google Analytics verwendet sog. \u201eCookies\u201c, Textdateien, die auf Ihrem Computer gespeichert werden und die eine Analyse der Benutzung der Website durch Sie erm\u00f6glichen. Die durch den Cookie erzeugten Informationen \u00fcber Ihre Benutzung dieser Website werden in der Regel an einen Server von Google in den USA \u00fcbertragen und dort gespeichert.<\/p>\n\n\n\n<p>Im Falle der Aktivierung der IP-Anonymisierung auf dieser Website wird Ihre IP-Adresse von Google jedoch innerhalb von Mitgliedstaaten der Europ\u00e4ischen Union oder in anderen Vertragsstaaten des Abkommens \u00fcber den Europ\u00e4ischen Wirtschaftsraum zuvor gek\u00fcrzt. Nur in Ausnahmef\u00e4llen wird die volle IP-Adresse an einen Server von Google in den USA \u00fcbertragen und dort gek\u00fcrzt. Im Auftrag des Betreibers dieser Website wird Google diese Informationen benutzen, um Ihre Nutzung der Website auszuwerten, um Reports \u00fcber die Websiteaktivit\u00e4ten zusammenzustellen und um weitere mit der Websitenutzung und der Internetnutzung verbundene Dienstleistungen gegen\u00fcber dem Websitebetreiber zu erbringen. Die im Rahmen von Google Analytics von Ihrem Browser \u00fcbermittelte IP-Adresse wird nicht mit anderen Daten von Google zusammengef\u00fchrt. Sie k\u00f6nnen die Speicherung der Cookies durch eine entsprechende Einstellung Ihrer Browser-Software verhindern; wir weisen Sie jedoch darauf hin, dass Sie in diesem Fall gegebenenfalls nicht s\u00e4mtliche Funktionen dieser Website vollumf\u00e4nglich werden nutzen k\u00f6nnen. Sie k\u00f6nnen dar\u00fcber hinaus die Erfassung der durch das Cookie erzeugten und auf Ihre Nutzung der Website bezogenen Daten (inkl. Ihrer IP-Adresse) an Google sowie die Verarbeitung dieser Daten durch Google verhindern, indem sie das unter dem folgenden Link verf\u00fcgbare Browser-Plugin herunterladen und installieren:&nbsp;<a href=\"http:\/\/tools.google.com\/dlpage\/gaoptout?hl=de\">http:\/\/tools.google.com\/dlpage\/gaoptout?hl=de<\/a>.<\/p>\n\n\n\n<p>Sie k\u00f6nnen die Erfassung durch Google Analytics verhindern, indem Sie die&nbsp;<a href=\"https:\/\/die-seelenkundlerin.jimdosite.com\/cookie-einstellungen\/\">Cookie-Einstellungen<\/a>&nbsp;f\u00fcr Ihre Website anpassen.<\/p>\n\n\n\n<p>N\u00e4here Informationen zu Nutzungsbedingungen und Datenschutz finden Sie unter den&nbsp;<a href=\"https:\/\/www.google.com\/analytics\/terms\/de.html\">Google Analytics Bedingungen<\/a>&nbsp;bzw. unter der&nbsp;<a href=\"https:\/\/www.google.com\/intl\/de\/policies\/privacy\/index.html#Datenschutzerkl%C3%A4rung\">Google Analytics \u00dcbersicht<\/a>. Wir weisen Sie darauf hin, dass auf dieser Website Google Analytics um den Code &#8220;gat._anonymizeIp();&#8221; erweitert wurde, um eine anonymisierte Erfassung von IP-Adressen (sog. IP-Masking) zu gew\u00e4hrleisten.<\/p>\n\n\n\n<h1 id=\"cookie-policy\">Cookie Policy<\/h1>\n\n\n\n<p>Mit dieser Cookie Richtlinie informiert der Website-Betreiber den Nutzer der Website \u00fcber den Einsatz von Cookies oder \u00e4hnlichen Speichertechnologien (nachfolgend \u201eCookies\u201c) auf dieser Website.<\/p>\n\n\n\n<h2 id=\"was-sind-cookies\">Was sind Cookies?<\/h2>\n\n\n\n<p>Cookies sind kleine Textdateien, die vom Webbrowser auf dem Endger\u00e4t des Nutzers zur Speicherung von bestimmten Informationen abgelegt werden. Beim n\u00e4chsten Aufruf unserer Website mit demselben Endger\u00e4t werden die in Cookies gespeicherten Informationen an unsere Website (\u201eFirst Party Cookie\u201c) oder eine andere Website, zu der das Cookie geh\u00f6rt (\u201eThird Party Cookie\u201c), zur\u00fcckgesandt.<\/p>\n\n\n\n<p>Durch die im Cookie gespeicherten und zur\u00fcckgesandten Informationen erkennt die jeweilige Website, dass der Nutzer diese mit dem Webbrowser seines Endger\u00e4ts bereits aufgerufen und besucht hat. Diese Informationen nutzen wir, um dem Nutzer die Website gem\u00e4\u00df seinen Pr\u00e4ferenzen optimal anzeigen zu k\u00f6nnen.<\/p>\n\n\n\n<p>Es wird hierbei aber nur das Cookie selbst auf dem Endger\u00e4t identifiziert. Eine dar\u00fcber hinausgehende Speicherung von personenbezogenen Daten erfolgt nur, wenn der Nutzer uns seine ausdr\u00fcckliche Zustimmung daf\u00fcr gibt oder wenn diese Speicherung unbedingt erforderlich ist, um den angebotenen und aufgerufenen Dienst nutzen zu k\u00f6nnen.<\/p>\n\n\n\n<h2 id=\"zustimmung-zur-verwendung-von-cookies\">Zustimmung zur Verwendung von Cookies<\/h2>\n\n\n\n<p>Cookies, die nicht unbedingt erforderlich sind, um die Dienste auf dieser Website zur Verf\u00fcgung zu stellen, werden erst nach der Einwilligung verwendet. Indem der Nutzer diese Website nach dem Einblenden des Cookie-Banners aktiv weiter nutzt, willigt er in die Verwendung von Cookies ein.<\/p>\n\n\n\n<p>Seine&nbsp;<a href=\"https:\/\/die-seelenkundlerin.jimdosite.com\/cookie-einstellungen\/\">Cookie Einstellungen<\/a>&nbsp;kann der Nutzer jederzeit individuell anpassen, indem er zum Beispiel einzelne Cookie-Kategorien aktiviert oder deaktiviert.<\/p>\n\n\n\n<p>Wie der Nutzer Cookies generell (inklusive der unbedingt erforderlichen Cookies) in seinem Browser deaktivieren oder l\u00f6schen kann, wird unter dem Punkt &#8220;Deaktivierung oder L\u00f6schung s\u00e4mtlicher Cookies&#8221; beschrieben.<\/p>\n\n\n\n<h2 id=\"kategorien-der-verwendeten-cookies\">Kategorien der verwendeten Cookies<\/h2>\n\n\n\n<p>Je nach Verwendungszweck und Funktion unterteilen wir die von der Website verwendeten Cookies in die folgenden Kategorien:<\/p>\n\n\n\n<ul><li>Unbedingt erforderliche Cookies;<\/li><li>Funktionale-Cookies;<\/li><li>Performance-Cookies;<\/li><li>Marketing- \/ Third Party- \/ Zustimmungspflichtige-Cookies<\/li><\/ul>\n\n\n\n<h3 id=\"unbedingt-erforderliche-cookies\">Unbedingt erforderliche Cookies<\/h3>\n\n\n\n<p>Unbedingt erforderliche Cookies sorgen daf\u00fcr, dass diese Website, beziehungsweise der Dienst, ordnungsgem\u00e4\u00df funktioniert. Das hei\u00dft, ohne diese Cookies ist diese Website, beziehungsweise der Dienst, nicht wie vorgesehen nutzbar. Diese Art von Cookies wird ausschlie\u00dflich von dem Betreiber der Website verwendet (First Party Cookies) und s\u00e4mtliche Informationen, die in den Cookies gespeichert sind, werden nur an diese Website gesendet.<\/p>\n\n\n\n<p>Auf unserer Webseite kommen folgende unbedingt erforderlichen Cookies zum Einsatz:<\/p>\n\n\n\n<table class=\"wp-block-table\"><thead><tr><th>Name<\/th><th>Zweck<\/th><th>Laufzeit<\/th><\/tr><\/thead><tbody><tr><td>lduser<\/td><td>Dieses Cookie ist notwending, um die passenden Features auszuliefern.<\/td><td>30 Tage<\/td><\/tr><\/tbody><\/table>\n\n\n\n<p>Die Nutzung von unbedingt erforderlichen Cookies auf dieser Website ist ohne die Einwilligung des Nutzers m\u00f6glich. Aus diesem Grund k\u00f6nnen unbedingt erforderliche Cookies auch nicht einzeln deaktiviert bzw. aktiviert werden. Diese Funktion steht nur bei einwilligungspflichtigen Cookies, also den Funktionalen Cookies, den Performance-Cookies und den Marketing- \/ Third Party- \/ Zustimmungspflichtige-Cookies, zur Verf\u00fcgung. Der Nutzer hat allerdings jederzeit die M\u00f6glichkeit, Cookies generell in seinem Browser zu deaktivieren (siehe Punkt &#8220;Deaktivierung oder L\u00f6schung s\u00e4mtlicher Cookies&#8221;).<\/p>\n\n\n\n<p>Die Rechtsgrundlage f\u00fcr die Nutzung der First Party Cookies ist ein berechtigtes Interesse (d. h. Interesse an der Analyse, Optimierung und dem wirtschaftlichen Betrieb dieser Website und Leistungen) im Sinne des Art. 6 Abs. 1 S. 1 lit. f DSGVO.<\/p>\n\n\n\n<h3 id=\"funktionale-cookies\">Funktionale Cookies<\/h3>\n\n\n\n<p>Funktionale Cookies erm\u00f6glichen dieser Webseite, get\u00e4tigte Angaben, wie z. B. den Benutzernamen oder die Sprachauswahl, zu speichern und dem Nutzer darauf basierend verbesserte und personalisierte Funktionen anzubieten. Diese Cookies sammeln und speichern ausschlie\u00dflich anonymisierte Informationen.<\/p>\n\n\n\n<p>Auf unserer Webseite kommen keine Funktionale Cookies zum Einsatz.<\/p>\n\n\n\n<p>Der Nutzer kann der Verwendung von Funktionalen Cookies jederzeit widersprechen, indem er seine&nbsp;<a href=\"https:\/\/die-seelenkundlerin.jimdosite.com\/cookie-einstellungen\/\">Cookie Einstellungen<\/a>&nbsp;entsprechend anpasst.<\/p>\n\n\n\n<p>Die Rechtsgrundlage f\u00fcr die Nutzung der Funktionalen-Cookies ist ein berechtigtes Interesse (d. h. Interesse an der Analyse, Optimierung und dem wirtschaftlichen Betrieb dieser Website und Leistungen) im Sinne des Art. 6 Abs. 1 S. 1 lit. f DSGVO.<\/p>\n\n\n\n<h3 id=\"performance-cookies\">Performance Cookies<\/h3>\n\n\n\n<p>Performance Cookies sammeln Informationen dar\u00fcber, wie unsere Webseiten genutzt werden, um darauf basierend deren Attraktivit\u00e4t, Inhalt und Funktionalit\u00e4t zu verbessern. Diese Cookies helfen uns beispielsweise festzustellen, ob und welche Unterseiten unserer Webseite besucht werden und f\u00fcr welche Inhalte sich die Nutzer besonders interessieren. Wir erfassen die Anzahl der Zugriffe auf eine Seite, die Anzahl der aufgerufenen Unterseiten, die auf unserer Webseite verbrachte Zeit, die Reihenfolge der besuchten Seiten, welche Suchbegriffe unsere Nutzer zu uns gef\u00fchrt haben, das Land, die Region und gegebenenfalls die Stadt aus der der Zugriff erfolgt, sowie den Anteil von mobilen Endger\u00e4ten, die auf unsere Webseiten zugreifen. Die aus technischen Gr\u00fcnden \u00fcbermittelte IP-Adresse eines Rechners wird automatisch anonymisiert und erm\u00f6glicht uns keinen R\u00fcckschluss auf den einzelnen Nutzer.<\/p>\n\n\n\n<p>Der Nutzer der Website hat auch das Recht, aus Gr\u00fcnden, die sich aus seiner besonderen Situation ergeben, bei der Verarbeitung ihn betreffender personenbezogener Daten, die zu statistischen Zwecken gem. Art. 89 Abs. 1 DSGVO erfolgt, zu widersprechen. Zur Wahrnehmung dieser und anderer Betroffenenrechte, kann sich ein Betroffener jederzeit an die im Impressum beziehungsweise in der Datenschutzerkl\u00e4rung angegebene Kontaktadresse wenden.<\/p>\n\n\n\n<p>Auf unserer Webseite kommen folgende Performance Cookies zum Einsatz:<\/p>\n\n\n\n<table class=\"wp-block-table\"><thead><tr><th>Name<\/th><th>Zweck<\/th><th>Laufzeit<\/th><\/tr><\/thead><tbody><tr><td>_ga<\/td><td>Dieses Cookie sammelt zu Analysezwecken anonymisierte Informationen dar\u00fcber, wie Nutzer diese Website verwenden.<\/td><td>2 Jahre<\/td><\/tr><tr><td>_gat<\/td><td>Dieses Cookie schr\u00e4nkt die Datenerhebung ein, wenn zu viele Anfragen auf einer Seite eingehen. Einige Anfragen werden abgeblockt und die Ergebnisse hochgerechnet.<\/td><td>10 Minuten<\/td><\/tr><\/tbody><\/table>\n\n\n\n<p>Der Nutzer der Website kann der Verwendung von Performance-Cookies jederzeit widersprechen, indem er seine&nbsp;<a href=\"https:\/\/die-seelenkundlerin.jimdosite.com\/cookie-einstellungen\/\">Cookie Einstellungen<\/a>&nbsp;entsprechend anpasst.<\/p>\n\n\n\n<p>Die Rechtsgrundlage f\u00fcr die Nutzung der Performance-Cookies ist ein berechtigtes Interesse (d. h. Interesse an der Analyse, Optimierung und dem wirtschaftlichen Betrieb unserer Webseite und Leistungen) im Sinne des Art. 6 Abs. 1 S. 1 lit. f DSGVO .<\/p>\n\n\n\n<h3 id=\"marketing-third-party-zustimmungspflichtige-cookies\">Marketing- \/ Third Party- \/ Zustimmungspflichtige-Cookies<\/h3>\n\n\n\n<p>Marketing- \/ Third Party- \/ Zustimmungspflichtige-Cookies stammen unter anderem von externen Werbeunternehmen und werden verwendet, um Informationen \u00fcber die vom Nutzer besuchten Websites zu sammeln, um z. B. zielgruppenorientierte Werbung f\u00fcr den Benutzer zu erstellen.<\/p>\n\n\n\n<p>Auf unserer Webseite kommen keine Marketing- \/ Third Party- \/ Zustimmungspflichtige-Cookies zum Einsatz.<\/p>\n\n\n\n<p>Der Nutzer kann der Verwendung von Marketing-Cookies jederzeit widersprechen, indem er seine&nbsp;<a href=\"https:\/\/die-seelenkundlerin.jimdosite.com\/cookie-einstellungen\/\">Cookie Einstellungen<\/a>&nbsp;entsprechend anpasst.<\/p>\n\n\n\n<p>Aufgrund der oben beschriebenen Verwendungszwecke liegt die Rechtsgrundlage f\u00fcr die Verarbeitung personenbezogener Daten unter Verwendung von Cookies in Art. 6 Abs. 1 lit. f DSGVO. Falls der Nutzer auf Grundlage eines von uns auf der Website erteilten Hinweises (\u201eCookie-Banner\u201c) eine Einwilligung zur Verwendung von Cookies erteilt hat, richtet sich die Rechtm\u00e4\u00dfigkeit der Verwendung zus\u00e4tzlich nach Art. 6 Abs. 1 S. 1 lit. a DSGVO.<\/p>\n\n\n\n<h2 id=\"deaktivierung-oder-l\u00f6schung-s\u00e4mtlicher-cookies\">Deaktivierung oder L\u00f6schung s\u00e4mtlicher Cookies<\/h2>\n\n\n\n<p>Der Nutzer kann seinen Webbrowser so einstellen, dass das Speichern von Cookies auf seinem Endger\u00e4t generell verhindert wird beziehungsweise er jedes Mal gefragt wird, ob er mit dem Setzen von Cookies einverstanden ist. Einmal gesetzte Cookies kann der Nutzer jederzeit wieder l\u00f6schen. Wie das Ganze funktioniert, wird in Hilfe-Funktion des jeweiligen Webbrowsers beschrieben.<\/p>\n\n\n\n<p>Eine generelle Deaktivierung von Cookies kann gegebenenfalls zu Funktionseinschr\u00e4nkungen dieser Website f\u00fchren.<\/p>\n","protected":false},"excerpt":{"rendered":"<p>Diese Website benutzt Google Analytics, einen Webanalysedienst der Google Inc. (\u201eGoogle\u201c). Google Analytics verwendet sog. \u201eCookies\u201c, Textdateien, die auf Ihrem Computer gespeichert werden und die eine Analyse der Benutzung der Website durch Sie erm\u00f6glichen. Die durch den Cookie erzeugten Informationen \u00fcber Ihre Benutzung dieser Website werden in der Regel an einen Server von Google in &hellip; <\/p>\n<p class=\"link-more\"><a href=\"http:\/\/www.psychotherapie-schawe.de\/en\/datenschutzerklaerung-cookies\/\" class=\"more-link\">Continue reading<span class=\"screen-reader-text\"> &#8220;Datenschutzerkl\u00e4rung \/ Cookies&#8221;<\/span><\/a><\/p>\n","protected":false},"author":1,"featured_media":0,"parent":0,"menu_order":0,"comment_status":"closed","ping_status":"closed","template":"","meta":{"spay_email":""},"translation":{"provider":"WPGlobus","version":"2.8.1","language":"en","enabled_languages":["de","es","en"],"languages":{"de":{"title":true,"content":true,"excerpt":false},"es":{"title":false,"content":false,"excerpt":false},"en":{"title":false,"content":false,"excerpt":false}}},"jetpack_sharing_enabled":true,"jetpack_shortlink":"https:\/\/wp.me\/PaStcw-2x","_links":{"self":[{"href":"http:\/\/www.psychotherapie-schawe.de\/en\/wp-json\/wp\/v2\/pages\/157"}],"collection":[{"href":"http:\/\/www.psychotherapie-schawe.de\/en\/wp-json\/wp\/v2\/pages"}],"about":[{"href":"http:\/\/www.psychotherapie-schawe.de\/en\/wp-json\/wp\/v2\/types\/page"}],"author":[{"embeddable":true,"href":"http:\/\/www.psychotherapie-schawe.de\/en\/wp-json\/wp\/v2\/users\/1"}],"replies":[{"embeddable":true,"href":"http:\/\/www.psychotherapie-schawe.de\/en\/wp-json\/wp\/v2\/comments?post=157"}],"version-history":[{"count":2,"href":"http:\/\/www.psychotherapie-schawe.de\/en\/wp-json\/wp\/v2\/pages\/157\/revisions"}],"predecessor-version":[{"id":159,"href":"http:\/\/www.psychotherapie-schawe.de\/en\/wp-json\/wp\/v2\/pages\/157\/revisions\/159"}],"wp:attachment":[{"href":"http:\/\/www.psychotherapie-schawe.de\/en\/wp-json\/wp\/v2\/media?parent=157"}],"curies":[{"name":"wp","href":"https:\/\/api.w.org\/{rel}","templated":true}]}}