{"id":31,"date":"2019-04-09T20:41:25","date_gmt":"2019-04-09T18:41:25","guid":{"rendered":"http:\/\/www.psychotherapie-schawe.de\/?page_id=31"},"modified":"2021-09-03T12:11:04","modified_gmt":"2021-09-03T10:11:04","slug":"herzlich-willkommen","status":"publish","type":"page","link":"http:\/\/www.psychotherapie-schawe.de\/es\/","title":{"rendered":"Herzlich willkommen"},"content":{"rendered":"\n<p>Als approbierte Psychotherapeutin biete ich Ihnen professionelle Hilfe, wenn Sie unter psychischen Problemen, pers\u00f6nlichen Krisen oder schwierigen Konfliktsituationen leiden.<br><\/p>\n\n\n\n<p>Im Folgenden m\u00f6chte ich Sie gerne \u00fcber meine psychotherapeutische Arbeit informieren. Bei Fragen zu meiner Arbeit oder zur Vereinbarung eines Termins kontaktieren Sie mich gerne unter 01575 5667303 oder schreiben mir eine Mail an <a href=\"mailto:mail@psychotherapie-schawe.de\">mail@psychotherapie-schawe.de<\/a>. Da ich w\u00e4hrend der Sitzungen nicht an mein Telefon gehen kann, k\u00f6nnen Sie mir gerne auch eine Nachricht auf dem Anrufbeantworter hinterlassen. Ich rufe Sie dann m\u00f6glichst zeitnah zur\u00fcck.<br><\/p>\n\n\n\n<p>Als Psychotherapeutin unterliege ich der Schweigepflicht und behandele alles, wor\u00fcber Sie sprechen, streng vertraulich. <br><\/p>\n\n\n\n<p>Wir k\u00f6nnen in den Sitzungen auch gerne Englisch oder Spanisch sprechen.<\/p>\n\n\n\n<p>Mein Therapieraum befindet sich in der in der Rigaer Stra\u00dfe 104 in 10247 Berlin-Friedrichshain.<\/p>\n","protected":false},"excerpt":{"rendered":"<p>Als approbierte Psychotherapeutin biete ich Ihnen professionelle Hilfe, wenn Sie unter psychischen Problemen, pers\u00f6nlichen Krisen oder schwierigen Konfliktsituationen leiden. Im Folgenden m\u00f6chte ich Sie gerne \u00fcber meine psychotherapeutische Arbeit informieren. Bei Fragen zu meiner Arbeit oder zur Vereinbarung eines Termins kontaktieren Sie mich gerne unter 01575 5667303 oder schreiben mir eine Mail an mail@psychotherapie-schawe.de. Da &hellip; <\/p>\n<p class=\"link-more\"><a href=\"http:\/\/www.psychotherapie-schawe.de\/es\/\" class=\"more-link\">Continue reading<span class=\"screen-reader-text\"> &#8220;Herzlich willkommen&#8221;<\/span><\/a><\/p>\n","protected":false},"author":1,"featured_media":0,"parent":0,"menu_order":0,"comment_status":"closed","ping_status":"closed","template":"","meta":{"spay_email":""},"translation":{"provider":"WPGlobus","version":"2.8.1","language":"es","enabled_languages":["de","es","en"],"languages":{"de":{"title":true,"content":true,"excerpt":false},"es":{"title":false,"content":false,"excerpt":false},"en":{"title":false,"content":false,"excerpt":false}}},"jetpack_sharing_enabled":true,"jetpack_shortlink":"https:\/\/wp.me\/PaStcw-v","_links":{"self":[{"href":"http:\/\/www.psychotherapie-schawe.de\/es\/wp-json\/wp\/v2\/pages\/31"}],"collection":[{"href":"http:\/\/www.psychotherapie-schawe.de\/es\/wp-json\/wp\/v2\/pages"}],"about":[{"href":"http:\/\/www.psychotherapie-schawe.de\/es\/wp-json\/wp\/v2\/types\/page"}],"author":[{"embeddable":true,"href":"http:\/\/www.psychotherapie-schawe.de\/es\/wp-json\/wp\/v2\/users\/1"}],"replies":[{"embeddable":true,"href":"http:\/\/www.psychotherapie-schawe.de\/es\/wp-json\/wp\/v2\/comments?post=31"}],"version-history":[{"count":8,"href":"http:\/\/www.psychotherapie-schawe.de\/es\/wp-json\/wp\/v2\/pages\/31\/revisions"}],"predecessor-version":[{"id":195,"href":"http:\/\/www.psychotherapie-schawe.de\/es\/wp-json\/wp\/v2\/pages\/31\/revisions\/195"}],"wp:attachment":[{"href":"http:\/\/www.psychotherapie-schawe.de\/es\/wp-json\/wp\/v2\/media?parent=31"}],"curies":[{"name":"wp","href":"https:\/\/api.w.org\/{rel}","templated":true}]}}