{"id":39,"date":"2019-04-09T20:46:27","date_gmt":"2019-04-09T18:46:27","guid":{"rendered":"http:\/\/www.psychotherapie-schawe.de\/?page_id=39"},"modified":"2024-06-17T12:30:10","modified_gmt":"2024-06-17T10:30:10","slug":"kosten","status":"publish","type":"page","link":"http:\/\/www.psychotherapie-schawe.de\/es\/kosten\/","title":{"rendered":"Kosten"},"content":{"rendered":"\n<p><strong>Gesetzliche Krankenversicherungen<\/strong><\/p>\n\n\n\n<p>In Berlin werden leider, trotz des steigenden Bedarfs, keine neuen Kassensitze geschaffen. Deswegen ist meine Praxis eine Privatpraxis. Es gibt allerdings die M\u00f6glichkeit der \u00dcbernahme der Psychotherapie durch die gesetzlichen Krankenkassen. Falls bei Ihnen die Psychotherapie unaufschiebbar ist und Sie innerhalb einer angemessenen Wartezeit keinen Therapieplatz in einer Praxis mit Kassensitz bekommen konnten, k\u00f6nnen Sie bei Ihrer Krankenkasse die Kostenerstattung f\u00fcr Ihre Therapie bei mir beantragen. Ich unterst\u00fctze Sie bei diesen Schritten. Falls Sie Fragen zu dieser Herangehensweise haben, k\u00f6nnen Sie die gerne mit mir besprechen.<br><\/p>\n\n\n\n<p><strong>Private Krankenversicherung<\/strong><\/p>\n\n\n\n<p>Private Krankenversicherungen \u00fcbernehmen normalerweise die Kosten f\u00fcr Ihre Psychotherapie. In Ihrem individuellen Vertrag mit Ihrer Krankenkasse ist festgelegt, wieviele Sitzungen \u00fcbernommen werden. Kl\u00e4ren Sie mit Ihrer Krankenkasse ab, welcher Leistungsumfang bei Ihnen \u00fcbernommen wird. Falls eine Psychotherapie bei Ihrer Krankenkasse gesondert beantragt werden muss, lassen Sie sich die Formulare von Ihrer Kasse zuschicken. Das Honorar betr\u00e4gt gem\u00e4\u00df der Geb\u00fchrenordnung f\u00fcr Psychotherapeuten (GOP, Ziffer 870) derzeit 122,40 \u20ac pro Therapiestunde (50 Minuten).<br><\/p>\n\n\n\n<p><strong>Beihilfestellen<\/strong><\/p>\n\n\n\n<p>Beihilfestellen \u00fcbernehmen normalerweise, \u00e4hnlich wie Private Krankenversicherungen die Psychotherapiekosten in vollem Umfang. Lassen Sie sich von Ihrer Beihilfestelle die Formulare f\u00fcr die Beantragung zuschicken.<br><\/p>\n\n\n\n<p><strong>Selbstzahler*innen<\/strong><\/p>\n\n\n\n<p>Es gibt auch immer die M\u00f6glichkeit eine Psychotherapie selbst zu bezahlen. In diesem Fall m\u00fcssen Sie sich um keinerlei Formalit\u00e4ten k\u00fcmmern.<br>Das Honorar orientiert sich wie bei privatversicherten Klienten an der Geb\u00fchrenordnung f\u00fcr Psychotherapeuten (GOP). Der Betrag f\u00fcr eine Therapiestunde (50min) bel\u00e4uft sich aktuell auf 122,40\u20ac. <\/p>\n\n\n\n<p>In begr\u00fcndeten Einzelf\u00e4llen kann das Honorar nach Absprache angepasst werden. <\/p>\n","protected":false},"excerpt":{"rendered":"<p>Gesetzliche Krankenversicherungen In Berlin werden leider, trotz des steigenden Bedarfs, keine neuen Kassensitze geschaffen. Deswegen ist meine Praxis eine Privatpraxis. Es gibt allerdings die M\u00f6glichkeit der \u00dcbernahme der Psychotherapie durch die gesetzlichen Krankenkassen. Falls bei Ihnen die Psychotherapie unaufschiebbar ist und Sie innerhalb einer angemessenen Wartezeit keinen Therapieplatz in einer Praxis mit Kassensitz bekommen konnten, &hellip; <\/p>\n<p class=\"link-more\"><a href=\"http:\/\/www.psychotherapie-schawe.de\/es\/kosten\/\" class=\"more-link\">Continue reading<span class=\"screen-reader-text\"> &#8220;Kosten&#8221;<\/span><\/a><\/p>\n","protected":false},"author":1,"featured_media":125,"parent":0,"menu_order":0,"comment_status":"closed","ping_status":"closed","template":"","meta":{"spay_email":""},"translation":{"provider":"WPGlobus","version":"2.8.1","language":"es","enabled_languages":["de","es","en"],"languages":{"de":{"title":true,"content":true,"excerpt":false},"es":{"title":false,"content":false,"excerpt":false},"en":{"title":false,"content":false,"excerpt":false}}},"jetpack_sharing_enabled":true,"jetpack_shortlink":"https:\/\/wp.me\/PaStcw-D","_links":{"self":[{"href":"http:\/\/www.psychotherapie-schawe.de\/es\/wp-json\/wp\/v2\/pages\/39"}],"collection":[{"href":"http:\/\/www.psychotherapie-schawe.de\/es\/wp-json\/wp\/v2\/pages"}],"about":[{"href":"http:\/\/www.psychotherapie-schawe.de\/es\/wp-json\/wp\/v2\/types\/page"}],"author":[{"embeddable":true,"href":"http:\/\/www.psychotherapie-schawe.de\/es\/wp-json\/wp\/v2\/users\/1"}],"replies":[{"embeddable":true,"href":"http:\/\/www.psychotherapie-schawe.de\/es\/wp-json\/wp\/v2\/comments?post=39"}],"version-history":[{"count":5,"href":"http:\/\/www.psychotherapie-schawe.de\/es\/wp-json\/wp\/v2\/pages\/39\/revisions"}],"predecessor-version":[{"id":210,"href":"http:\/\/www.psychotherapie-schawe.de\/es\/wp-json\/wp\/v2\/pages\/39\/revisions\/210"}],"wp:featuredmedia":[{"embeddable":true,"href":"http:\/\/www.psychotherapie-schawe.de\/es\/wp-json\/wp\/v2\/media\/125"}],"wp:attachment":[{"href":"http:\/\/www.psychotherapie-schawe.de\/es\/wp-json\/wp\/v2\/media?parent=39"}],"curies":[{"name":"wp","href":"https:\/\/api.w.org\/{rel}","templated":true}]}}