{"id":37,"date":"2019-04-09T20:45:38","date_gmt":"2019-04-09T18:45:38","guid":{"rendered":"http:\/\/www.psychotherapie-schawe.de\/?page_id=37"},"modified":"2020-02-01T15:56:16","modified_gmt":"2020-02-01T14:56:16","slug":"schwerpunkte","status":"publish","type":"page","link":"https:\/\/www.psychotherapie-schawe.de\/es\/schwerpunkte\/","title":{"rendered":"Schwerpunkte"},"content":{"rendered":"\n<p><strong>Schematherapie<\/strong><\/p>\n\n\n\n<p>Schemata sind hartn\u00e4ckige Gef\u00fchle und Verhaltensmuster, die immer wieder in Ihrem Leben auftreten, bei denen Sie aber auch bemerken, dass das Gef\u00fchl der Situation nicht ganz angemessen ist. Diese Schemata umfassen ein tief verwurzeltes Lebensthema, das sich im Laufe Ihrer Biografie aufgrund von Erlebnissen und Erfahrungen angelegt hat. Mit der Hilfe von schematherapeutischen Interventionen m\u00f6chte ich mit Ihnen gemeinsam verstehen, wie diese unangenehmen Gef\u00fchle, mit denen Sie immer wieder in Kontakt kommen, entstanden sind. Indem Sie erkennen, warum Sie gerade in ein bestimmtes Muster verfallen, werden Sie wieder freier darin, die Situation auch aus einem anderen Blickwinkel betrachten zu k\u00f6nnen. So k\u00f6nnen Sie Ihre alten Wunden heilen und lernen, Ihre Bed\u00fcrfnisse auf eine Art und Weise zu erf\u00fcllen, die Ihnen gut tut. <\/p>\n\n\n\n<p><strong>Akzeptanz-und Commitmenttherapie<\/strong><\/p>\n\n\n\n<p>Bei der Akzeptanz- und Commitmenttherapie geht es darum, den Umgang mit unangenehmen Gedanken, Gef\u00fchlen und Selbstkonzepten zu ver\u00e4ndern. Es geht also nicht darum, den Inhalt der Gedanken zu ver\u00e4ndern, sondern darum, zu lernen, einen Abstand zu diesen Gedanken zu entwickeln und somit flexibler im Denken und Handeln zu werden. <\/p>\n\n\n\n<p><strong>Achtsamkeitsbasierte Ans\u00e4tze und Selbstmitgef\u00fchl<\/strong><\/p>\n\n\n\n<p>Achtsamkeit bedeutet, im Hier und Jetzt zu sein. Nicht nur k\u00f6rperlich, sondern auch mental. Das erm\u00f6glicht uns, in Kontakt mir uns selber zu kommen: unsere Gedanken, Gef\u00fchle und Verhaltensimpulse \u00fcberhaupt erst wahrzunehmen. Selbstmitgef\u00fchl ist ein Konzept, das sich aus der Achtsamkeit heraus entwickelt hat. In der Therapie kann ich Sie dabei unterst\u00fctzen, einen wertfreien und annehmenden Umgang mit sich selbst zu entwickeln. Es geht darum, sich nicht st\u00e4ndig zu verurteilen, sondern darum, fair zu sein: sich selber mit demselben Mitgef\u00fchl zu behandeln, das wir einer guten Freund*in oder eventuell sogar eine*r Fremden entgegenbringen w\u00fcrden.<\/p>\n\n\n\n<p><strong>Fokus Trans*<\/strong><\/p>\n\n\n\n<p>Einer meiner Schwerpunkte ist die Arbeit mit Menschen aus der queeren Community, in deren Rahmen ich begleitende therapeutische Unterst\u00fctzung f\u00fcr trans* Menschen und Angeh\u00f6rige anbiete.<\/p>\n","protected":false},"excerpt":{"rendered":"<p>Schematherapie Schemata sind hartn\u00e4ckige Gef\u00fchle und Verhaltensmuster, die immer wieder in Ihrem Leben auftreten, bei denen Sie aber auch bemerken, dass das Gef\u00fchl der Situation nicht ganz angemessen ist. Diese Schemata umfassen ein tief verwurzeltes Lebensthema, das sich im Laufe Ihrer Biografie aufgrund von Erlebnissen und Erfahrungen angelegt hat. Mit der Hilfe von schematherapeutischen Interventionen &hellip; <\/p>\n<p class=\"link-more\"><a href=\"https:\/\/www.psychotherapie-schawe.de\/es\/schwerpunkte\/\" class=\"more-link\">Continue reading<span class=\"screen-reader-text\"> &#8220;Schwerpunkte&#8221;<\/span><\/a><\/p>\n","protected":false},"author":1,"featured_media":124,"parent":0,"menu_order":0,"comment_status":"closed","ping_status":"closed","template":"","meta":{"spay_email":""},"translation":{"provider":"WPGlobus","version":"2.8.1","language":"es","enabled_languages":["de","es","en"],"languages":{"de":{"title":true,"content":true,"excerpt":false},"es":{"title":false,"content":false,"excerpt":false},"en":{"title":false,"content":false,"excerpt":false}}},"jetpack_sharing_enabled":true,"jetpack_shortlink":"https:\/\/wp.me\/PaStcw-B","_links":{"self":[{"href":"https:\/\/www.psychotherapie-schawe.de\/es\/wp-json\/wp\/v2\/pages\/37"}],"collection":[{"href":"https:\/\/www.psychotherapie-schawe.de\/es\/wp-json\/wp\/v2\/pages"}],"about":[{"href":"https:\/\/www.psychotherapie-schawe.de\/es\/wp-json\/wp\/v2\/types\/page"}],"author":[{"embeddable":true,"href":"https:\/\/www.psychotherapie-schawe.de\/es\/wp-json\/wp\/v2\/users\/1"}],"replies":[{"embeddable":true,"href":"https:\/\/www.psychotherapie-schawe.de\/es\/wp-json\/wp\/v2\/comments?post=37"}],"version-history":[{"count":8,"href":"https:\/\/www.psychotherapie-schawe.de\/es\/wp-json\/wp\/v2\/pages\/37\/revisions"}],"predecessor-version":[{"id":189,"href":"https:\/\/www.psychotherapie-schawe.de\/es\/wp-json\/wp\/v2\/pages\/37\/revisions\/189"}],"wp:featuredmedia":[{"embeddable":true,"href":"https:\/\/www.psychotherapie-schawe.de\/es\/wp-json\/wp\/v2\/media\/124"}],"wp:attachment":[{"href":"https:\/\/www.psychotherapie-schawe.de\/es\/wp-json\/wp\/v2\/media?parent=37"}],"curies":[{"name":"wp","href":"https:\/\/api.w.org\/{rel}","templated":true}]}}